{"id":17,"date":"2018-10-25T18:28:25","date_gmt":"2018-10-25T18:28:25","guid":{"rendered":"http:\/\/wworks.de\/?page_id=17"},"modified":"2018-10-25T20:36:36","modified_gmt":"2018-10-25T20:36:36","slug":"impressum","status":"publish","type":"page","link":"https:\/\/www.wworks.de\/?page_id=17","title":{"rendered":"Impressum"},"content":{"rendered":"<p><strong>WebWorks GmbH<br \/>\n<\/strong><strong>Weiser Stra\u00dfe 2<\/strong><strong><br \/>\n56170 Bendorf-Sayn<\/strong><\/p>\n<p>Tel.: +49 2622 975123-7<br \/>\nFax: +49 2622 975451-1<br \/>\nMail: info(at)wworks(dot)de<\/p>\n<p>Sitz der Gesellschaft: Bendorf-Sayn<br \/>\nAmtsgericht Koblenz HRB 25475<br \/>\nGesch\u00e4ftsf\u00fchrer: Jens Lohmann<\/p>\n<p>Umsatzsteuer-Identifikationsnummer gem\u00e4\u00df \u00a7 27 a Umsatzsteuergesetz: DE309488656<br \/>\nInhaltlich Verantwortlicher gem\u00e4\u00df \u00a7 55 Absatz 2 MDStV: Jens Lohmann (Anschrift wie oben)<\/p>\n<p><strong>Online-Streitbeilegung<\/strong><\/p>\n<p>Die Europ\u00e4ische Kommission stellt unter <a href=\"https:\/\/ec.europa.eu\/consumers\/odr\/\" data-htmlarea-external=\"1\">https:\/\/ec.europa.eu\/consumers\/odr\/<\/a> eine Plattform zur Online-Streitbeilegung bereit, die Verbraucher f\u00fcr die Beilegung einer Streitigkeit nutzen k\u00f6nnen und auf der weitere Informationen zum Thema Streitschlichtung zu finden sind.<\/p>\n<p><strong>Au\u00dfergerichtliche Streitbeilegung<\/strong><\/p>\n<p>Wir sind weder verpflichtet noch dazu bereit, im Falle einer Streitigkeit mit einem Verbraucher an einem Streitbeilegungsverfahren vor einer Verbraucherschlichtungsstelle teilzunehmen.<\/p>\n","protected":false},"excerpt":{"rendered":"<p>WebWorks GmbH Weiser Stra\u00dfe 2 56170 Bendorf-Sayn Tel.: +49 2622 975123-7 Fax: +49 2622 975451-1 Mail: info(at)wworks(dot)de Sitz der Gesellschaft: Bendorf-Sayn Amtsgericht Koblenz HRB 25475 Gesch\u00e4ftsf\u00fchrer: Jens Lohmann Umsatzsteuer-Identifikationsnummer gem\u00e4\u00df \u00a7 27 a Umsatzsteuergesetz: DE309488656 Inhaltlich Verantwortlicher gem\u00e4\u00df \u00a7 55 Absatz 2 MDStV: Jens Lohmann (Anschrift wie oben) Online-Streitbeilegung Die Europ\u00e4ische Kommission stellt unter https:\/\/ec.europa.eu\/consumers\/odr\/ &hellip; <\/p>\n<p class=\"link-more\"><a href=\"https:\/\/www.wworks.de\/?page_id=17\" class=\"more-link\"><span class=\"screen-reader-text\">\u201eImpressum\u201c<\/span> weiterlesen<\/a><\/p>\n","protected":false},"author":1,"featured_media":0,"parent":0,"menu_order":5,"comment_status":"closed","ping_status":"closed","template":"","meta":{"footnotes":""},"class_list":["post-17","page","type-page","status-publish","hentry"],"_links":{"self":[{"href":"https:\/\/www.wworks.de\/index.php?rest_route=\/wp\/v2\/pages\/17","targetHints":{"allow":["GET"]}}],"collection":[{"href":"https:\/\/www.wworks.de\/index.php?rest_route=\/wp\/v2\/pages"}],"about":[{"href":"https:\/\/www.wworks.de\/index.php?rest_route=\/wp\/v2\/types\/page"}],"author":[{"embeddable":true,"href":"https:\/\/www.wworks.de\/index.php?rest_route=\/wp\/v2\/users\/1"}],"replies":[{"embeddable":true,"href":"https:\/\/www.wworks.de\/index.php?rest_route=%2Fwp%2Fv2%2Fcomments&post=17"}],"version-history":[{"count":2,"href":"https:\/\/www.wworks.de\/index.php?rest_route=\/wp\/v2\/pages\/17\/revisions"}],"predecessor-version":[{"id":65,"href":"https:\/\/www.wworks.de\/index.php?rest_route=\/wp\/v2\/pages\/17\/revisions\/65"}],"wp:attachment":[{"href":"https:\/\/www.wworks.de\/index.php?rest_route=%2Fwp%2Fv2%2Fmedia&parent=17"}],"curies":[{"name":"wp","href":"https:\/\/api.w.org\/{rel}","templated":true}]}}